{"id":8,"date":"2026-05-15T14:40:59","date_gmt":"2026-05-15T14:40:59","guid":{"rendered":"https:\/\/sidelab.store\/index.php\/accueil-sidelab\/"},"modified":"2026-05-15T14:46:43","modified_gmt":"2026-05-15T14:46:43","slug":"accueil-sidelab","status":"publish","type":"page","link":"https:\/\/sidelab.store\/","title":{"rendered":"Accueil Sidelab"},"content":{"rendered":"\n<div class=\"wp-block-group section hero-section\"><div class=\"wp-block-group__inner-container is-layout-constrained wp-block-group-is-layout-constrained\">\n<div class=\"wp-block-group container section-grid\"><div class=\"wp-block-group__inner-container is-layout-flow wp-block-group-is-layout-flow\">\n<div class=\"wp-block-group hero-content\"><div class=\"wp-block-group__inner-container is-layout-flow wp-block-group-is-layout-flow\">\n<p class=\"tech-label\">FUSION 360 -&gt; ATELIER NUM\u00c9RIQUE<\/p>\n\n\n\n<h2 class=\"wp-block-heading hero-title\"><strong class=\"pop-orange\">SIDE<\/strong><strong>LAB<\/strong> : La CAO rencontre le Pop Art.<\/h2>\n\n\n\n<p class=\"hero-desc\">Bonjour, je suis Matthieu Simon, maker passionn\u00e9 et expert IT. Sidelab est mon laboratoire d&#8217;id\u00e9es, un espace o\u00f9 la rigueur industrielle de la mod\u00e9lisation 3D rencontre l&#8217;esth\u00e9tique organique et pop du design DIY. D\u00e9couvrez ma premi\u00e8re collection de luminaires.<\/p>\n\n\n\n<div class=\"wp-block-buttons hero-actions is-layout-flex wp-block-buttons-is-layout-flex\">\n<div class=\"wp-block-button btn is-style-outline is-style-outline--1\"><a class=\"wp-block-button__link wp-element-button\" href=\"#titi\">Explorer la Collection Titi<\/a><\/div>\n<\/div>\n<\/div><\/div>\n\n\n\n<div class=\"wp-block-group organic-image-wrapper\"><div class=\"wp-block-group__inner-container is-layout-flow wp-block-group-is-layout-flow\">\n<div class=\"wp-block-group organic-shape\"><div class=\"wp-block-group__inner-container is-layout-flow wp-block-group-is-layout-flow\">\n<figure class=\"wp-block-image size-large\"><img decoding=\"async\" src=\"https:\/\/images.unsplash.com\/photo-1581092918056-0c4c3acd3789?auto=format&amp;fit=crop&amp;w=800&amp;q=80\" alt=\"Atelier Maker et prototypage\"\/><\/figure>\n<\/div><\/div>\n<\/div><\/div>\n<\/div><\/div>\n<\/div><\/div>\n","protected":false},"excerpt":{"rendered":"<p>FUSION 360 -&gt; ATELIER NUM\u00c9RIQUE SIDELAB : La CAO rencontre le Pop Art. Bonjour, je suis Matthieu Simon, maker passionn\u00e9 et expert IT. Sidelab est mon laboratoire d&#8217;id\u00e9es, un espace o\u00f9 la rigueur industrielle de la mod\u00e9lisation 3D rencontre l&#8217;esth\u00e9tique organique et pop du design DIY. D\u00e9couvrez ma premi\u00e8re collection de luminaires.<\/p>\n","protected":false},"author":1,"featured_media":0,"parent":0,"menu_order":0,"comment_status":"closed","ping_status":"closed","template":"","meta":{"_acf_changed":false,"footnotes":""},"class_list":["post-8","page","type-page","status-publish","hentry"],"acf":[],"_links":{"self":[{"href":"https:\/\/sidelab.store\/wp-json\/wp\/v2\/pages\/8","targetHints":{"allow":["GET"]}}],"collection":[{"href":"https:\/\/sidelab.store\/wp-json\/wp\/v2\/pages"}],"about":[{"href":"https:\/\/sidelab.store\/wp-json\/wp\/v2\/types\/page"}],"author":[{"embeddable":true,"href":"https:\/\/sidelab.store\/wp-json\/wp\/v2\/users\/1"}],"replies":[{"embeddable":true,"href":"https:\/\/sidelab.store\/wp-json\/wp\/v2\/comments?post=8"}],"version-history":[{"count":1,"href":"https:\/\/sidelab.store\/wp-json\/wp\/v2\/pages\/8\/revisions"}],"predecessor-version":[{"id":9,"href":"https:\/\/sidelab.store\/wp-json\/wp\/v2\/pages\/8\/revisions\/9"}],"wp:attachment":[{"href":"https:\/\/sidelab.store\/wp-json\/wp\/v2\/media?parent=8"}],"curies":[{"name":"wp","href":"https:\/\/api.w.org\/{rel}","templated":true}]}}